{"id":3139,"date":"2022-03-27T15:38:43","date_gmt":"2022-03-27T13:38:43","guid":{"rendered":"https:\/\/atlantis.pl\/?page_id=3139"},"modified":"2022-04-06T13:44:25","modified_gmt":"2022-04-06T11:44:25","slug":"rada-nadzorcza","status":"publish","type":"page","link":"https:\/\/atlantis.pl\/?page_id=3139","title":{"rendered":"Rada Nadzorcza"},"content":{"rendered":"<p><div class=\"fusion-fullwidth fullwidth-box fusion-builder-row-1 fusion-flex-container nonhundred-percent-fullwidth non-hundred-percent-height-scrolling\" style=\"background-color: rgba(255,255,255,0);background-position: center center;background-repeat: no-repeat;border-width: 0px 0px 0px 0px;border-color:hsla(var(--awb-color8-h),var(--awb-color8-s),var(--awb-color8-l),calc( var(--awb-color8-a) - 92% ));border-style:solid;\" ><div class=\"fusion-builder-row fusion-row fusion-flex-align-items-flex-start\" style=\"max-width:1372.8px;margin-left: calc(-4% \/ 2 );margin-right: calc(-4% \/ 2 );\"><div class=\"fusion-layout-column fusion_builder_column fusion-builder-column-0 fusion_builder_column_1_1 1_1 fusion-flex-column\"><div class=\"fusion-column-wrapper fusion-flex-justify-content-flex-start fusion-content-layout-column\" style=\"background-position:left top;background-repeat:no-repeat;-webkit-background-size:cover;-moz-background-size:cover;-o-background-size:cover;background-size:cover;padding: 0px 0px 0px 0px;\"><div class=\"fusion-text fusion-text-1 fusion-text-no-margin\" style=\"font-size:30px;font-family:var(--awb-typography2-font-family);font-weight:var(--awb-typography2-font-weight);font-style:var(--awb-typography2-font-style);\"><p>Wojciech Hetkowski<\/p>\n<\/div><div class=\"fusion-text fusion-text-2 fusion-text-no-margin\" style=\"font-size:20px;color:var(--awb-color6);font-family:var(--awb-typography2-font-family);font-weight:var(--awb-typography2-font-weight);font-style:var(--awb-typography2-font-style);\"><p>Przewodnicz\u0105cy Rady Nadzorczej<\/p>\n<\/div><div class=\"fusion-separator fusion-full-width-sep\" style=\"align-self: center;margin-left: auto;margin-right: auto;margin-top:10px;margin-bottom:10px;width:100%;\"><div class=\"fusion-separator-border sep-single sep-solid\" style=\"border-color:hsla(var(--awb-color8-h),var(--awb-color8-s),var(--awb-color8-l),calc( var(--awb-color8-a) - 92% ));border-top-width:1px;\"><\/div><\/div><div class=\"fusion-text fusion-text-3 justify\"><p>Wojciech Hetkowski uko\u0144czy\u0142 Politechnik\u0119 Warszawsk\u0105 na Wydziale Mechanicznym, Energetycznym i Lotnictwa oraz Uniwersytet Warszawski Wydzia\u0142 Organizacji i Zarz\u0105dzania, Studium Organizacji i Zarz\u0105dzania oraz Zarz\u0105dzanie Warto\u015bci\u0105 Firmy w Szkole G\u0142\u00f3wnej Handlowej. Pan Wojciech Hetkowski posiada uprawnienia do zasiadania w Radach Nadzorczych sp\u00f3\u0142ek Skarbu Pa\u0144stwa oraz szkolenie w zakresie wdra\u017cania i zarz\u0105dzania systemami, zarz\u0105dzania Jako\u015bci\u0105. Pracowa\u0142 jako specjalista ds. przygotowania i realizacji inwestycji _FSO P\u0142ock_, by\u0142 Wiceprezydentem i Prezydentem Miasta P\u0142ocka, cz\u0142onkiem Zarz\u0105du Anwil S.A. we W\u0142oc\u0142awku _I grupa kapita\u0142owa PKN Orlen_, Prezesem Zarz\u0105du Orlen Asfalt Sp. z o.o. Przewodniczy\u0142 RN Przedsi\u0119biorstwa Energetyki Cieplnej S.A. w P\u0142ocku oraz RN Prof-Med S.A. we W\u0142oc\u0142awku. Obecnie pe\u0142ni funkcj\u0119 Cz\u0142onka Rad Nadzorczych w podmiotach publicznych: ELKOP S.A., Atlantis SE, Resbud SE, FON SE, Investment Friends Capital SE, Investment Friends SE, Damf Investycje S.A. Pan Wojciech Hetkowski nie uczestniczy w sp\u00f3\u0142ce konkurencyjnej jako wsp\u00f3lnik sp\u00f3\u0142ki cywilnej, sp\u00f3\u0142ki osobowej lub jako cz\u0142onek organu sp\u00f3\u0142ki kapita\u0142owej oraz nie uczestniczy w innej konkurencyjnej osobie prawnej jako cz\u0142onek jej organu. Pan Wojciech Hetkowski nie jest wpisany do Rejestru D\u0142u\u017cnik\u00f3w Niewyp\u0142acalnych, prowadzonym na podstawie ustawy o KRS.<\/p>\n<\/div><\/div><style type=\"text\/css\">.fusion-body .fusion-builder-column-0{width:100% !important;margin-top : 0px;margin-bottom : 20px;}.fusion-builder-column-0 > .fusion-column-wrapper {padding-top : 0px !important;padding-right : 0px !important;margin-right : 1.92%;padding-bottom : 0px !important;padding-left : 0px !important;margin-left : 1.92%;}@media only screen and (max-width:1024px) {.fusion-body .fusion-builder-column-0{width:100% !important;order : 0;}.fusion-builder-column-0 > .fusion-column-wrapper {margin-right : 1.92%;margin-left : 1.92%;}}@media only screen and (max-width:640px) {.fusion-body .fusion-builder-column-0{width:100% !important;order : 0;}.fusion-builder-column-0 > .fusion-column-wrapper {margin-right : 1.92%;margin-left : 1.92%;}}<\/style><\/div><\/div><style type=\"text\/css\">.fusion-body .fusion-flex-container.fusion-builder-row-1{ padding-top : 0px;margin-top : 0px;padding-right : 0px;padding-bottom : 0px;margin-bottom : 0px;padding-left : 0px;}<\/style><\/div><div class=\"fusion-fullwidth fullwidth-box fusion-builder-row-2 fusion-flex-container nonhundred-percent-fullwidth non-hundred-percent-height-scrolling\" style=\"background-color: rgba(255,255,255,0);background-position: center center;background-repeat: no-repeat;border-width: 0px 0px 0px 0px;border-color:hsla(var(--awb-color8-h),var(--awb-color8-s),var(--awb-color8-l),calc( var(--awb-color8-a) - 92% ));border-style:solid;\" ><div class=\"fusion-builder-row fusion-row fusion-flex-align-items-flex-start\" style=\"max-width:1372.8px;margin-left: calc(-4% \/ 2 );margin-right: calc(-4% \/ 2 );\"><div class=\"fusion-layout-column fusion_builder_column fusion-builder-column-1 fusion_builder_column_1_1 1_1 fusion-flex-column\"><div class=\"fusion-column-wrapper fusion-flex-justify-content-flex-start fusion-content-layout-column\" style=\"background-position:left top;background-repeat:no-repeat;-webkit-background-size:cover;-moz-background-size:cover;-o-background-size:cover;background-size:cover;padding: 0px 0px 0px 0px;\"><div class=\"fusion-text fusion-text-4 fusion-text-no-margin\" style=\"font-size:30px;font-family:var(--awb-typography2-font-family);font-weight:var(--awb-typography2-font-weight);font-style:var(--awb-typography2-font-style);\"><p>Ma\u0142gorzata Patrowicz<\/p>\n<\/div><div class=\"fusion-text fusion-text-5 fusion-text-no-margin\" style=\"font-size:20px;color:var(--awb-color6);font-family:var(--awb-typography2-font-family);font-weight:var(--awb-typography2-font-weight);font-style:var(--awb-typography2-font-style);\"><p>Sekretarz Rady Nadzorczej<\/p>\n<\/div><div class=\"fusion-separator fusion-full-width-sep\" style=\"align-self: center;margin-left: auto;margin-right: auto;margin-top:10px;margin-bottom:10px;width:100%;\"><div class=\"fusion-separator-border sep-single sep-solid\" style=\"border-color:hsla(var(--awb-color8-h),var(--awb-color8-s),var(--awb-color8-l),calc( var(--awb-color8-a) - 92% ));border-top-width:1px;\"><\/div><\/div><div class=\"fusion-text fusion-text-6 justify\"><p>Pani Ma\u0142gorzata Patrowicz posiada wykszta\u0142cenie wy\u017csze. Uko\u0144czy\u0142a studia rachunkowo\u015bci i finans\u00f3w na Uniwersytecie Warszawskim. Do\u015bwiadczenie zawodowe zdobywa\u0142a prowadz\u0105c dzia\u0142alno\u015b\u0107 gospodarcz\u0105 w sektorze finansowym, turystycznym, developerskim, elektronicznym oraz pe\u0142ni\u0105c funkcj\u0119 Prezesa Zarz\u0105du i Cz\u0142onka Rad Nadzorczych wielu sp\u00f3\u0142ek niepublicznych. Od 2007 roku zwi\u0105zana z publicznym rynkiem kapita\u0142owym. Zasiada\u0142a w organach nadzoru sp\u00f3\u0142ek notowanych na GPW w Warszawie S.A. oraz notowanych na NewConnect. Obecnie pe\u0142ni funkcj\u0119 Cz\u0142onka Rad Nadzorczych w podmiotach : Investment Friends SE, Investment Friends Capital SE, ELKOP SE, Damf Inwestycje S.A, FON SE. Pe\u0142ni funkcje Prezesa Zarz\u0105du IFEA Sp. z.o.o, Patro Inwestycje UU, PATRO INVEST Sp. z.o.o, oraz cz\u0142onka Rady Nadzorczej IFERIA S.A. Pani Ma\u0142gorzata Patrowicz nie uczestniczy w sp\u00f3\u0142ce konkurencyjnej jako wsp\u00f3lnik sp\u00f3\u0142ki cywilnej, sp\u00f3\u0142ki osobowej lub jako cz\u0142onek organu sp\u00f3\u0142ki kapita\u0142owej oraz nie uczestniczy w innej konkurencyjnej osobie prawnej jako cz\u0142onek jej organu. Pani Ma\u0142gorzata Patrowicz nie jest wpisana do Rejestru D\u0142u\u017cnik\u00f3w Niewyp\u0142acalnych, prowadzonym na podstawie ustawy o KRS.<\/p>\n<\/div><\/div><style type=\"text\/css\">.fusion-body .fusion-builder-column-1{width:100% !important;margin-top : 0px;margin-bottom : 20px;}.fusion-builder-column-1 > .fusion-column-wrapper {padding-top : 0px !important;padding-right : 0px !important;margin-right : 1.92%;padding-bottom : 0px !important;padding-left : 0px !important;margin-left : 1.92%;}@media only screen and (max-width:1024px) {.fusion-body .fusion-builder-column-1{width:100% !important;order : 0;}.fusion-builder-column-1 > .fusion-column-wrapper {margin-right : 1.92%;margin-left : 1.92%;}}@media only screen and (max-width:640px) {.fusion-body .fusion-builder-column-1{width:100% !important;order : 0;}.fusion-builder-column-1 > .fusion-column-wrapper {margin-right : 1.92%;margin-left : 1.92%;}}<\/style><\/div><\/div><style type=\"text\/css\">.fusion-body .fusion-flex-container.fusion-builder-row-2{ padding-top : 0px;margin-top : 0px;padding-right : 0px;padding-bottom : 0px;margin-bottom : 0px;padding-left : 0px;}<\/style><\/div><div class=\"fusion-fullwidth fullwidth-box fusion-builder-row-3 fusion-flex-container nonhundred-percent-fullwidth non-hundred-percent-height-scrolling\" style=\"background-color: rgba(255,255,255,0);background-position: center center;background-repeat: no-repeat;border-width: 0px 0px 0px 0px;border-color:hsla(var(--awb-color8-h),var(--awb-color8-s),var(--awb-color8-l),calc( var(--awb-color8-a) - 92% ));border-style:solid;\" ><div class=\"fusion-builder-row fusion-row fusion-flex-align-items-flex-start\" style=\"max-width:1372.8px;margin-left: calc(-4% \/ 2 );margin-right: calc(-4% \/ 2 );\"><div class=\"fusion-layout-column fusion_builder_column fusion-builder-column-2 fusion_builder_column_1_1 1_1 fusion-flex-column\"><div class=\"fusion-column-wrapper fusion-flex-justify-content-flex-start fusion-content-layout-column\" style=\"background-position:left top;background-repeat:no-repeat;-webkit-background-size:cover;-moz-background-size:cover;-o-background-size:cover;background-size:cover;padding: 0px 0px 0px 0px;\"><div class=\"fusion-text fusion-text-7 fusion-text-no-margin\" style=\"font-size:30px;font-family:var(--awb-typography2-font-family);font-weight:var(--awb-typography2-font-weight);font-style:var(--awb-typography2-font-style);\"><p>Martyna Patrowicz<\/p>\n<\/div><div class=\"fusion-text fusion-text-8 fusion-text-no-margin\" style=\"font-size:20px;color:var(--awb-color6);font-family:var(--awb-typography2-font-family);font-weight:var(--awb-typography2-font-weight);font-style:var(--awb-typography2-font-style);\"><p>Cz\u0142onek Rady Nadzorczej<\/p>\n<\/div><div class=\"fusion-separator fusion-full-width-sep\" style=\"align-self: center;margin-left: auto;margin-right: auto;margin-top:10px;margin-bottom:10px;width:100%;\"><div class=\"fusion-separator-border sep-single sep-solid\" style=\"border-color:hsla(var(--awb-color8-h),var(--awb-color8-s),var(--awb-color8-l),calc( var(--awb-color8-a) - 92% ));border-top-width:1px;\"><\/div><\/div><div class=\"fusion-text fusion-text-9 justify\"><p>Pani Martyna Patrowicz jest osob\u0105 m\u0142od\u0105, ambitn\u0105 i kreatywn\u0105. \u015awietnie realizuje si\u0119 jako team leader, posiada ogromny zapa\u0142 i ch\u0119\u0107 dzia\u0142ania, jest niez\u0142omna w osi\u0105ganiu cel\u00f3w. Jest osob\u0105 komunikatywn\u0105 i otwart\u0105, z \u0142atwo\u015bci\u0105 nawi\u0105zuje kontakty. Cechuje j\u0105 zdolno\u015b\u0107 analitycznego my\u015blenia oraz pracowito\u015b\u0107. Sumienno\u015b\u0107 i zaanga\u017cowanie pomagaj\u0105 jej pog\u0142\u0119bia\u0107 zainteresowania z dziedziny finans\u00f3w oraz ekonomii. Obecnie pe\u0142ni funkcje Cz\u0142onka Rad Nadzorczych w podmiotach:, ATLANTIS SE, Resbud SE, Investment Friends Capital SE, ELKOP S.A., Damf Inwestycje S.A, FON SE. Damf Invest S.A., IFERIA S.A. . Pani Martyna Patrowicz nie uczestniczy w sp\u00f3\u0142ce konkurencyjnej jako wsp\u00f3lnik sp\u00f3\u0142ki cywilnej, sp\u00f3\u0142ki osobowej lub jako cz\u0142onek organu sp\u00f3\u0142ki kapita\u0142owej oraz nie uczestniczy w innej konkurencyjnej osobie prawnej jako cz\u0142onek jej organu. Pani Martyna Patrowicz nie jest wpisana do Rejestru D\u0142u\u017cnik\u00f3w Niewyp\u0142acalnych, prowadzonym na podstawie ustawy o KRS. <\/p>\n<\/div><\/div><style type=\"text\/css\">.fusion-body .fusion-builder-column-2{width:100% !important;margin-top : 0px;margin-bottom : 20px;}.fusion-builder-column-2 > .fusion-column-wrapper {padding-top : 0px !important;padding-right : 0px !important;margin-right : 1.92%;padding-bottom : 0px !important;padding-left : 0px !important;margin-left : 1.92%;}@media only screen and (max-width:1024px) {.fusion-body .fusion-builder-column-2{width:100% !important;order : 0;}.fusion-builder-column-2 > .fusion-column-wrapper {margin-right : 1.92%;margin-left : 1.92%;}}@media only screen and (max-width:640px) {.fusion-body .fusion-builder-column-2{width:100% !important;order : 0;}.fusion-builder-column-2 > .fusion-column-wrapper {margin-right : 1.92%;margin-left : 1.92%;}}<\/style><\/div><\/div><style type=\"text\/css\">.fusion-body .fusion-flex-container.fusion-builder-row-3{ padding-top : 0px;margin-top : 0px;padding-right : 0px;padding-bottom : 0px;margin-bottom : 0px;padding-left : 0px;}<\/style><\/div><div class=\"fusion-fullwidth fullwidth-box fusion-builder-row-4 fusion-flex-container nonhundred-percent-fullwidth non-hundred-percent-height-scrolling\" style=\"background-color: rgba(255,255,255,0);background-position: center center;background-repeat: no-repeat;border-width: 0px 0px 0px 0px;border-color:hsla(var(--awb-color8-h),var(--awb-color8-s),var(--awb-color8-l),calc( var(--awb-color8-a) - 92% ));border-style:solid;\" ><div class=\"fusion-builder-row fusion-row fusion-flex-align-items-flex-start\" style=\"max-width:1372.8px;margin-left: calc(-4% \/ 2 );margin-right: calc(-4% \/ 2 );\"><div class=\"fusion-layout-column fusion_builder_column fusion-builder-column-3 fusion_builder_column_1_1 1_1 fusion-flex-column\"><div class=\"fusion-column-wrapper fusion-flex-justify-content-flex-start fusion-content-layout-column\" style=\"background-position:left top;background-repeat:no-repeat;-webkit-background-size:cover;-moz-background-size:cover;-o-background-size:cover;background-size:cover;padding: 0px 0px 0px 0px;\"><div class=\"fusion-text fusion-text-10 fusion-text-no-margin\" style=\"font-size:30px;font-family:var(--awb-typography2-font-family);font-weight:var(--awb-typography2-font-weight);font-style:var(--awb-typography2-font-style);\"><p>Jacek Koralewski<\/p>\n<\/div><div class=\"fusion-text fusion-text-11 fusion-text-no-margin\" style=\"font-size:20px;color:var(--awb-color6);font-family:var(--awb-typography2-font-family);font-weight:var(--awb-typography2-font-weight);font-style:var(--awb-typography2-font-style);\"><p>Cz\u0142onek Rady Nadzorczej<\/p>\n<\/div><div class=\"fusion-separator fusion-full-width-sep\" style=\"align-self: center;margin-left: auto;margin-right: auto;margin-top:10px;margin-bottom:10px;width:100%;\"><div class=\"fusion-separator-border sep-single sep-solid\" style=\"border-color:hsla(var(--awb-color8-h),var(--awb-color8-s),var(--awb-color8-l),calc( var(--awb-color8-a) - 92% ));border-top-width:1px;\"><\/div><\/div><div class=\"fusion-text fusion-text-12 justify\"><p>Pan Jacek Koralewski posiada du\u017ce do\u015bwiadczenie w zarz\u0105dzaniu, kt\u00f3re zdoby\u0142 pracuj\u0105c w bankowo\u015bci oraz jako cz\u0142onek Zarz\u0105du i Rad Nadzorczych sp\u00f3\u0142ek gie\u0142dowych. W latach 1992 \u2013 2010 rozwija\u0142 karier\u0119 w PKO BP S.A. pracuj\u0105c na stanowiskach kierowniczych oraz na stanowisku eksperta. Uko\u0144czy\u0142 szereg szkole\u0144 w zakresie ryzyka, windykacji, restrukturyzacji, finans\u00f3w, negocjacji oraz zarz\u0105dzania. Posiada Certyfikat w ramach Systemu Standard\u00f3w Kwalifikacyjnych w Bankowo\u015bci Polskiej wydany przez Zwi\u0105zek Bank\u00f3w Polskich. Od 2007 roku zwi\u0105zany z publicznym rynkiem kapita\u0142owym. W latach 2007 \u2013 2018 zasiada\u0142 w organach nadzoru sp\u00f3\u0142ek notowanych na GPW w Warszawie oraz sp\u00f3\u0142ek niepublicznych: pe\u0142ni\u0142 funkcj\u0119 Prezesa Zarz\u0105du w podmiotach: Stark Development S.A., ELKOP Energy S.A., Hibertus Sp. z o.o., Cz\u0142onka Rad Nadzorczych w podmiotach: Atlantis Energy S.A., DAMF Invest S.A., Fon Ecology S.A., Investment Friends Ksi\u0119gowo\u015b\u0107 S.A., Urlopy.pl S.A., AF Estry S.A. W latach 2012-2014 by\u0142 cz\u0142onkiem Business Centre Club z siedzib\u0105 w Warszawie. Obecnie pe\u0142ni funkcje: Prezesa Zarz\u0105du w Elkop S.E, Cz\u0142onka Rad Nadzorczych w podmiotach: Atlantis S.E. FON S.E, Investment Friends Capital S.E, Investment Friends S.E. Jest absolwentem Mazowieckiej Wy\u017cszej Szko\u0142y Humanistyczno \u2013 Pedagogicznej w \u0141owiczu w zakresie polityki spo\u0142ecznej, Szko\u0142y G\u0142\u00f3wnej Gospodarstwa Wiejskiego w Warszawie na Wydziale Ekonomicznym w zakresie bankowo\u015bci i finans\u00f3w. Pan Jacek Koralewski nie by\u0142 prawomocnie skazany za przest\u0119pstwa oszustwa oraz nie zosta\u0142 na niego na\u0142o\u017cony zakaz dzia\u0142ania jako cz\u0142onek organ\u00f3w sp\u00f3\u0142ek prawa handlowego. Pan Jacek Koralewski w okresie ostatnich 5 lat nie zasiada\u0142 w organachpodmiot\u00f3w prawa handlowego, wobec kt\u00f3rych przeprowadzana by\u0142a procedura upad\u0142o\u015bci, co do kt\u00f3rej ustanowiony zosta\u0142 Zarz\u0105d komisaryczny lub kt\u00f3re podlega\u0142y likwidacji. Pan Jacek Koralewski nie prowadzi dzia\u0142alno\u015bci konkurencyjnej w stosunku do Sp\u00f3\u0142ki oraz nie jest cz\u0142onkiem organ\u00f3w podmiot\u00f3w prowadz\u0105cych dzia\u0142alno\u015b\u0107 konkurencyjn\u0105 w stosunku do Sp\u00f3\u0142ki. Pan Jacek Koralewski nie figuruje w rejestrze d\u0142u\u017cnik\u00f3w nie wyp\u0142acalnych.<\/p>\n<\/div><\/div><style type=\"text\/css\">.fusion-body .fusion-builder-column-3{width:100% !important;margin-top : 0px;margin-bottom : 20px;}.fusion-builder-column-3 > .fusion-column-wrapper {padding-top : 0px !important;padding-right : 0px !important;margin-right : 1.92%;padding-bottom : 0px !important;padding-left : 0px !important;margin-left : 1.92%;}@media only screen and (max-width:1024px) {.fusion-body .fusion-builder-column-3{width:100% !important;order : 0;}.fusion-builder-column-3 > .fusion-column-wrapper {margin-right : 1.92%;margin-left : 1.92%;}}@media only screen and (max-width:640px) {.fusion-body .fusion-builder-column-3{width:100% !important;order : 0;}.fusion-builder-column-3 > .fusion-column-wrapper {margin-right : 1.92%;margin-left : 1.92%;}}<\/style><\/div><\/div><style type=\"text\/css\">.fusion-body .fusion-flex-container.fusion-builder-row-4{ padding-top : 0px;margin-top : 0px;padding-right : 0px;padding-bottom : 0px;margin-bottom : 0px;padding-left : 0px;}<\/style><\/div><\/p>\n","protected":false},"excerpt":{"rendered":"","protected":false},"author":3,"featured_media":0,"parent":3121,"menu_order":20,"comment_status":"closed","ping_status":"closed","template":"","meta":{"footnotes":""},"class_list":["post-3139","page","type-page","status-publish","hentry"],"_links":{"self":[{"href":"https:\/\/atlantis.pl\/index.php?rest_route=\/wp\/v2\/pages\/3139","targetHints":{"allow":["GET"]}}],"collection":[{"href":"https:\/\/atlantis.pl\/index.php?rest_route=\/wp\/v2\/pages"}],"about":[{"href":"https:\/\/atlantis.pl\/index.php?rest_route=\/wp\/v2\/types\/page"}],"author":[{"embeddable":true,"href":"https:\/\/atlantis.pl\/index.php?rest_route=\/wp\/v2\/users\/3"}],"replies":[{"embeddable":true,"href":"https:\/\/atlantis.pl\/index.php?rest_route=%2Fwp%2Fv2%2Fcomments&post=3139"}],"version-history":[{"count":7,"href":"https:\/\/atlantis.pl\/index.php?rest_route=\/wp\/v2\/pages\/3139\/revisions"}],"predecessor-version":[{"id":4030,"href":"https:\/\/atlantis.pl\/index.php?rest_route=\/wp\/v2\/pages\/3139\/revisions\/4030"}],"up":[{"embeddable":true,"href":"https:\/\/atlantis.pl\/index.php?rest_route=\/wp\/v2\/pages\/3121"}],"wp:attachment":[{"href":"https:\/\/atlantis.pl\/index.php?rest_route=%2Fwp%2Fv2%2Fmedia&parent=3139"}],"curies":[{"name":"wp","href":"https:\/\/api.w.org\/{rel}","templated":true}]}}