{"id":3258,"date":"2022-03-27T22:42:46","date_gmt":"2022-03-27T20:42:46","guid":{"rendered":"https:\/\/atlantis.pl\/?page_id=3258"},"modified":"2024-01-12T19:09:38","modified_gmt":"2024-01-12T18:09:38","slug":"dokument-informacyjny","status":"publish","type":"page","link":"https:\/\/atlantis.pl\/?page_id=3258","title":{"rendered":"Dokument informacyjny"},"content":{"rendered":"<div class=\"fusion-fullwidth fullwidth-box fusion-builder-row-1 fusion-flex-container nonhundred-percent-fullwidth non-hundred-percent-height-scrolling\" style=\"background-color: rgba(255,255,255,0);background-position: center center;background-repeat: no-repeat;border-width: 0px 0px 0px 0px;border-color:hsla(var(--awb-color8-h),var(--awb-color8-s),var(--awb-color8-l),calc( var(--awb-color8-a) - 92% ));border-style:solid;\" ><div class=\"fusion-builder-row fusion-row fusion-flex-align-items-flex-start\" style=\"max-width:1372.8px;margin-left: calc(-4% \/ 2 );margin-right: calc(-4% \/ 2 );\"><div class=\"fusion-layout-column fusion_builder_column fusion-builder-column-0 fusion_builder_column_1_1 1_1 fusion-flex-column\"><div class=\"fusion-column-wrapper fusion-flex-justify-content-flex-start fusion-content-layout-column\" style=\"background-position:left top;background-repeat:no-repeat;-webkit-background-size:cover;-moz-background-size:cover;-o-background-size:cover;background-size:cover;padding: 0px 0px 0px 0px;\"><div class=\"fusion-recent-posts fusion-recent-posts-1 avada-container layout-default layout-columns-1 fusion-recent-posts-infinite fusion-recent-posts-load-more\" data-pages=\"1\" id=\"kalendariumpost\"><style>.fusion-recent-posts.fusion-recent-posts-1 .columns .column .entry-title{font-family:var(--awb-typography2-font-family);font-weight:var(--awb-typography2-font-weight);font-style:var(--awb-typography2-font-style);font-size:var(--awb-typography2-font-size);line-height:var(--awb-typography2-line-height);letter-spacing:var(--awb-typography2-letter-spacing);text-transform:var(--awb-typography2-text-transform);}<\/style><section class=\"fusion-columns columns fusion-columns-1 columns-1\"><article class=\"post fusion-column column col col-lg-12 col-md-12 col-sm-12\"><div class=\"recent-posts-content\"><span class=\"vcard\" style=\"display: none;\"><span class=\"fn\"><a href=\"https:\/\/atlantis.pl\/?author=3\" title=\"Wpisy od Atlantis SE\" rel=\"author\">Atlantis SE<\/a><\/span><\/span><span class=\"updated\" style=\"display:none;\">2025-01-31T15:28:55+01:00<\/span><div class=\"entry-title\"><a href=\"https:\/\/atlantis.pl\/?p=4414\">Informacja dla Akcjonariuszy dotycz\u0105ca raportu bie\u017c\u0105cego nr 1\/2025 ,,Aktualizacja Dokumentu Informacyjnego&#8221;. (Information for Shareholders regarding Current Report no. 1\/2025 ,,Update of the Information Document&#8221;.)<\/a><\/div><p class=\"meta\"><span class=\"vcard\" style=\"display: none;\"><span class=\"fn\"><a href=\"https:\/\/atlantis.pl\/?author=3\" title=\"Wpisy od Atlantis SE\" rel=\"author\">Atlantis SE<\/a><\/span><\/span><span class=\"updated\" style=\"display:none;\">2025-01-31T15:28:55+01:00<\/span><span>31 stycznia 2025, 14:11<\/span><span class=\"fusion-inline-sep\">|<\/span><a href=\"https:\/\/atlantis.pl\/?cat=2\" rel=\"category\">Raporty bie\u017c\u0105ce<\/a><span class=\"fusion-inline-sep\">|<\/span><\/p><\/div><\/article><article class=\"post fusion-column column col col-lg-12 col-md-12 col-sm-12\"><div class=\"recent-posts-content\"><span class=\"vcard\" style=\"display: none;\"><span class=\"fn\"><a href=\"https:\/\/atlantis.pl\/?author=3\" title=\"Wpisy od Atlantis SE\" rel=\"author\">Atlantis SE<\/a><\/span><\/span><span class=\"updated\" style=\"display:none;\">2025-01-22T14:54:50+01:00<\/span><div class=\"entry-title\"><a href=\"https:\/\/atlantis.pl\/?p=4409\">Aktualizacja Dokumentu Informacyjnego. (Updating the Information Document)<\/a><\/div><p class=\"meta\"><span class=\"vcard\" style=\"display: none;\"><span class=\"fn\"><a href=\"https:\/\/atlantis.pl\/?author=3\" title=\"Wpisy od Atlantis SE\" rel=\"author\">Atlantis SE<\/a><\/span><\/span><span class=\"updated\" style=\"display:none;\">2025-01-22T14:54:50+01:00<\/span><span>22 stycznia 2025, 14:10<\/span><span class=\"fusion-inline-sep\">|<\/span><a href=\"https:\/\/atlantis.pl\/?cat=2\" rel=\"category\">Raporty bie\u017c\u0105ce<\/a><span class=\"fusion-inline-sep\">|<\/span><\/p><\/div><\/article><article class=\"post fusion-column column col col-lg-12 col-md-12 col-sm-12\"><div class=\"recent-posts-content\"><span class=\"vcard\" style=\"display: none;\"><span class=\"fn\"><a href=\"https:\/\/atlantis.pl\/?author=3\" title=\"Wpisy od Atlantis SE\" rel=\"author\">Atlantis SE<\/a><\/span><\/span><span class=\"updated\" style=\"display:none;\">2024-12-03T09:49:53+01:00<\/span><div class=\"entry-title\"><a href=\"https:\/\/atlantis.pl\/?p=4384\">Publikacja Dokumentu Informacyjnego. (Publication of the Information Document)<\/a><\/div><p class=\"meta\"><span class=\"vcard\" style=\"display: none;\"><span class=\"fn\"><a href=\"https:\/\/atlantis.pl\/?author=3\" title=\"Wpisy od Atlantis SE\" rel=\"author\">Atlantis SE<\/a><\/span><\/span><span class=\"updated\" style=\"display:none;\">2024-12-03T09:49:53+01:00<\/span><span>2 grudnia 2024, 20:32<\/span><span class=\"fusion-inline-sep\">|<\/span><a href=\"https:\/\/atlantis.pl\/?cat=2\" rel=\"category\">Raporty bie\u017c\u0105ce<\/a><span class=\"fusion-inline-sep\">|<\/span><\/p><\/div><\/article><article class=\"post fusion-column column col col-lg-12 col-md-12 col-sm-12\"><div class=\"recent-posts-content\"><span class=\"vcard\" style=\"display: none;\"><span class=\"fn\"><a href=\"https:\/\/atlantis.pl\/?author=3\" title=\"Wpisy od Atlantis SE\" rel=\"author\">Atlantis SE<\/a><\/span><\/span><span class=\"updated\" style=\"display:none;\">2024-01-12T19:20:57+01:00<\/span><div class=\"entry-title\"><a href=\"https:\/\/atlantis.pl\/?p=4224\">Publikacja zaktualizowanego Dokumentu Informacyjnego. (Publication of an updated Information Document).<\/a><\/div><p class=\"meta\"><span class=\"vcard\" style=\"display: none;\"><span class=\"fn\"><a href=\"https:\/\/atlantis.pl\/?author=3\" title=\"Wpisy od Atlantis SE\" rel=\"author\">Atlantis SE<\/a><\/span><\/span><span class=\"updated\" style=\"display:none;\">2024-01-12T19:20:57+01:00<\/span><span>12 stycznia 2024, 17:55<\/span><span class=\"fusion-inline-sep\">|<\/span><a href=\"https:\/\/atlantis.pl\/?cat=2\" rel=\"category\">Raporty bie\u017c\u0105ce<\/a><span class=\"fusion-inline-sep\">|<\/span><\/p><\/div><\/article><article class=\"post fusion-column column col col-lg-12 col-md-12 col-sm-12\"><div class=\"recent-posts-content\"><span class=\"vcard\" style=\"display: none;\"><span class=\"fn\"><a href=\"https:\/\/atlantis.pl\/?author=3\" title=\"Wpisy od Atlantis SE\" rel=\"author\">Atlantis SE<\/a><\/span><\/span><span class=\"updated\" style=\"display:none;\">2024-01-12T18:57:39+01:00<\/span><div class=\"entry-title\"><a href=\"https:\/\/atlantis.pl\/?p=4218\">Publikacja zaktualizowanego Dokumentu Informacyjnego. (Publication of an updated Information Document).<\/a><\/div><p class=\"meta\"><span class=\"vcard\" style=\"display: none;\"><span class=\"fn\"><a href=\"https:\/\/atlantis.pl\/?author=3\" title=\"Wpisy od Atlantis SE\" rel=\"author\">Atlantis SE<\/a><\/span><\/span><span class=\"updated\" style=\"display:none;\">2024-01-12T18:57:39+01:00<\/span><span>5 stycznia 2024, 18:07<\/span><span class=\"fusion-inline-sep\">|<\/span><a href=\"https:\/\/atlantis.pl\/?cat=2\" rel=\"category\">Raporty bie\u017c\u0105ce<\/a><span class=\"fusion-inline-sep\">|<\/span><\/p><\/div><\/article><article class=\"post fusion-column column col col-lg-12 col-md-12 col-sm-12\"><div class=\"recent-posts-content\"><span class=\"vcard\" style=\"display: none;\"><span class=\"fn\"><a href=\"https:\/\/atlantis.pl\/?author=3\" title=\"Wpisy od Atlantis SE\" rel=\"author\">Atlantis SE<\/a><\/span><\/span><span class=\"updated\" style=\"display:none;\">2024-01-12T18:57:30+01:00<\/span><div class=\"entry-title\"><a href=\"https:\/\/atlantis.pl\/?p=4212\">Publikacja zaktualizowanego Dokumentu Informacyjnego. (Publication of an updated Information Document).<\/a><\/div><p class=\"meta\"><span class=\"vcard\" style=\"display: none;\"><span class=\"fn\"><a href=\"https:\/\/atlantis.pl\/?author=3\" title=\"Wpisy od Atlantis SE\" rel=\"author\">Atlantis SE<\/a><\/span><\/span><span class=\"updated\" style=\"display:none;\">2024-01-12T18:57:30+01:00<\/span><span>27 grudnia 2023, 20:42<\/span><span class=\"fusion-inline-sep\">|<\/span><a href=\"https:\/\/atlantis.pl\/?cat=2\" rel=\"category\">Raporty bie\u017c\u0105ce<\/a><span class=\"fusion-inline-sep\">|<\/span><\/p><\/div><\/article><article class=\"post fusion-column column col col-lg-12 col-md-12 col-sm-12\"><div class=\"recent-posts-content\"><span class=\"vcard\" style=\"display: none;\"><span class=\"fn\"><a href=\"https:\/\/atlantis.pl\/?author=3\" title=\"Wpisy od Atlantis SE\" rel=\"author\">Atlantis SE<\/a><\/span><\/span><span class=\"updated\" style=\"display:none;\">2024-01-12T18:57:19+01:00<\/span><div class=\"entry-title\"><a href=\"https:\/\/atlantis.pl\/?p=4206\">Publikacja zaktualizowanego Dokumentu Informacyjnego. (Publication of an updated Information Document.)<\/a><\/div><p class=\"meta\"><span class=\"vcard\" style=\"display: none;\"><span class=\"fn\"><a href=\"https:\/\/atlantis.pl\/?author=3\" title=\"Wpisy od Atlantis SE\" rel=\"author\">Atlantis SE<\/a><\/span><\/span><span class=\"updated\" style=\"display:none;\">2024-01-12T18:57:19+01:00<\/span><span>13 listopada 2023, 18:10<\/span><span class=\"fusion-inline-sep\">|<\/span><a href=\"https:\/\/atlantis.pl\/?cat=2\" rel=\"category\">Raporty bie\u017c\u0105ce<\/a><span class=\"fusion-inline-sep\">|<\/span><\/p><\/div><\/article><article class=\"post fusion-column column col col-lg-12 col-md-12 col-sm-12\"><div class=\"recent-posts-content\"><span class=\"vcard\" style=\"display: none;\"><span class=\"fn\"><a href=\"https:\/\/atlantis.pl\/?author=3\" title=\"Wpisy od Atlantis SE\" rel=\"author\">Atlantis SE<\/a><\/span><\/span><span class=\"updated\" style=\"display:none;\">2024-01-12T19:21:25+01:00<\/span><div class=\"entry-title\"><a href=\"https:\/\/atlantis.pl\/?p=4098\">Aktualizacja Dokumentu Informacyjnego. (Updating the Information Document)<\/a><\/div><p class=\"meta\"><span class=\"vcard\" style=\"display: none;\"><span class=\"fn\"><a href=\"https:\/\/atlantis.pl\/?author=3\" title=\"Wpisy od Atlantis SE\" rel=\"author\">Atlantis SE<\/a><\/span><\/span><span class=\"updated\" style=\"display:none;\">2024-01-12T19:21:25+01:00<\/span><span>24 listopada 2022, 17:30<\/span><span class=\"fusion-inline-sep\">|<\/span><a href=\"https:\/\/atlantis.pl\/?cat=2\" rel=\"category\">Raporty bie\u017c\u0105ce<\/a><span class=\"fusion-inline-sep\">|<\/span><\/p><\/div><\/article><article class=\"post fusion-column column col col-lg-12 col-md-12 col-sm-12\"><div class=\"recent-posts-content\"><span class=\"vcard\" style=\"display: none;\"><span class=\"fn\"><a href=\"https:\/\/atlantis.pl\/?author=3\" title=\"Wpisy od Atlantis SE\" rel=\"author\">Atlantis SE<\/a><\/span><\/span><span class=\"updated\" style=\"display:none;\">2024-01-12T18:57:07+01:00<\/span><div class=\"entry-title\"><a href=\"https:\/\/atlantis.pl\/?p=2269\">Aktualizacja Dokumentu Informacyjnego. (Updating the Information Document)<\/a><\/div><p class=\"meta\"><span class=\"vcard\" style=\"display: none;\"><span class=\"fn\"><a href=\"https:\/\/atlantis.pl\/?author=3\" title=\"Wpisy od Atlantis SE\" rel=\"author\">Atlantis SE<\/a><\/span><\/span><span class=\"updated\" style=\"display:none;\">2024-01-12T18:57:07+01:00<\/span><span>18 stycznia 2022, 17:41<\/span><span class=\"fusion-inline-sep\">|<\/span><a href=\"https:\/\/atlantis.pl\/?cat=2\" rel=\"category\">Raporty bie\u017c\u0105ce<\/a><span class=\"fusion-inline-sep\">|<\/span><\/p><\/div><\/article><article class=\"post fusion-column column col col-lg-12 col-md-12 col-sm-12\"><div class=\"recent-posts-content\"><span class=\"vcard\" style=\"display: none;\"><span class=\"fn\"><a href=\"https:\/\/atlantis.pl\/?author=3\" title=\"Wpisy od Atlantis SE\" rel=\"author\">Atlantis SE<\/a><\/span><\/span><span class=\"updated\" style=\"display:none;\">2024-01-12T18:56:56+01:00<\/span><div class=\"entry-title\"><a href=\"https:\/\/atlantis.pl\/?p=2257\">Publikacja Dokumentu Informacyjnego. (Publication of the Information Document).<\/a><\/div><p class=\"meta\"><span class=\"vcard\" style=\"display: none;\"><span class=\"fn\"><a href=\"https:\/\/atlantis.pl\/?author=3\" title=\"Wpisy od Atlantis SE\" rel=\"author\">Atlantis SE<\/a><\/span><\/span><span class=\"updated\" style=\"display:none;\">2024-01-12T18:56:56+01:00<\/span><span>7 stycznia 2022, 19:21<\/span><span class=\"fusion-inline-sep\">|<\/span><a href=\"https:\/\/atlantis.pl\/?cat=2\" rel=\"category\">Raporty bie\u017c\u0105ce<\/a><span class=\"fusion-inline-sep\">|<\/span><\/p><\/div><\/article><\/section><\/div><\/div><style type=\"text\/css\">.fusion-body .fusion-builder-column-0{width:100% !important;margin-top : 0px;margin-bottom : 20px;}.fusion-builder-column-0 > .fusion-column-wrapper {padding-top : 0px !important;padding-right : 0px !important;margin-right : 1.92%;padding-bottom : 0px !important;padding-left : 0px !important;margin-left : 1.92%;}@media only screen and (max-width:1024px) {.fusion-body .fusion-builder-column-0{width:100% !important;order : 0;}.fusion-builder-column-0 > .fusion-column-wrapper {margin-right : 1.92%;margin-left : 1.92%;}}@media only screen and (max-width:640px) {.fusion-body .fusion-builder-column-0{width:100% !important;order : 0;}.fusion-builder-column-0 > .fusion-column-wrapper {margin-right : 1.92%;margin-left : 1.92%;}}<\/style><\/div><\/div><style type=\"text\/css\">.fusion-body .fusion-flex-container.fusion-builder-row-1{ padding-top : 0px;margin-top : 0px;padding-right : 0px;padding-bottom : 0px;margin-bottom : 0px;padding-left : 0px;}<\/style><\/div>\n","protected":false},"excerpt":{"rendered":"","protected":false},"author":3,"featured_media":0,"parent":3123,"menu_order":100,"comment_status":"closed","ping_status":"closed","template":"","meta":{"footnotes":""},"class_list":["post-3258","page","type-page","status-publish","hentry"],"_links":{"self":[{"href":"https:\/\/atlantis.pl\/index.php?rest_route=\/wp\/v2\/pages\/3258","targetHints":{"allow":["GET"]}}],"collection":[{"href":"https:\/\/atlantis.pl\/index.php?rest_route=\/wp\/v2\/pages"}],"about":[{"href":"https:\/\/atlantis.pl\/index.php?rest_route=\/wp\/v2\/types\/page"}],"author":[{"embeddable":true,"href":"https:\/\/atlantis.pl\/index.php?rest_route=\/wp\/v2\/users\/3"}],"replies":[{"embeddable":true,"href":"https:\/\/atlantis.pl\/index.php?rest_route=%2Fwp%2Fv2%2Fcomments&post=3258"}],"version-history":[{"count":11,"href":"https:\/\/atlantis.pl\/index.php?rest_route=\/wp\/v2\/pages\/3258\/revisions"}],"predecessor-version":[{"id":4230,"href":"https:\/\/atlantis.pl\/index.php?rest_route=\/wp\/v2\/pages\/3258\/revisions\/4230"}],"up":[{"embeddable":true,"href":"https:\/\/atlantis.pl\/index.php?rest_route=\/wp\/v2\/pages\/3123"}],"wp:attachment":[{"href":"https:\/\/atlantis.pl\/index.php?rest_route=%2Fwp%2Fv2%2Fmedia&parent=3258"}],"curies":[{"name":"wp","href":"https:\/\/api.w.org\/{rel}","templated":true}]}}